{"id":95,"date":"2016-01-10T17:37:54","date_gmt":"2016-01-10T16:37:54","guid":{"rendered":"http:\/\/einfach-menschlich.de\/?page_id=95"},"modified":"2016-01-21T19:06:23","modified_gmt":"2016-01-21T18:06:23","slug":"auswahl-besuchertexte","status":"publish","type":"page","link":"https:\/\/einfach-menschlich.de\/index.php\/resonanz\/auswahl-besuchertexte\/","title":{"rendered":"Auswahl Besuchertexte"},"content":{"rendered":"<p><img loading=\"lazy\" decoding=\"async\" class=\" wp-image-256 alignleft\" src=\"http:\/\/einfach-menschlich.de\/wp-content\/uploads\/2016\/01\/002-300x196.jpg\" alt=\"002\" width=\"725\" height=\"473\" srcset=\"https:\/\/einfach-menschlich.de\/wp-content\/uploads\/2016\/01\/002-300x196.jpg 300w, https:\/\/einfach-menschlich.de\/wp-content\/uploads\/2016\/01\/002-768x502.jpg 768w, https:\/\/einfach-menschlich.de\/wp-content\/uploads\/2016\/01\/002-1024x670.jpg 1024w\" sizes=\"auto, (max-width: 725px) 100vw, 725px\" \/><\/p>\n<p>&nbsp;<\/p>\n<p>&nbsp;<\/p>\n<p>&nbsp;<\/p>\n<p>&nbsp;<\/p>\n<p>&nbsp;<\/p>\n<p>&nbsp;<\/p>\n<p>&nbsp;<\/p>\n<p>&nbsp;<\/p>\n<p>&nbsp;<\/p>\n<p>&nbsp;<\/p>\n<p>&nbsp;<\/p>\n<p>&nbsp;<\/p>\n<p><img loading=\"lazy\" decoding=\"async\" class=\"wp-image-255 alignleft\" src=\"http:\/\/einfach-menschlich.de\/wp-content\/uploads\/2016\/01\/001-300x165.jpg\" alt=\"001\" width=\"536\" height=\"295\" srcset=\"https:\/\/einfach-menschlich.de\/wp-content\/uploads\/2016\/01\/001-300x165.jpg 300w, https:\/\/einfach-menschlich.de\/wp-content\/uploads\/2016\/01\/001-768x422.jpg 768w, https:\/\/einfach-menschlich.de\/wp-content\/uploads\/2016\/01\/001-1024x563.jpg 1024w, https:\/\/einfach-menschlich.de\/wp-content\/uploads\/2016\/01\/001.jpg 1420w\" sizes=\"auto, (max-width: 536px) 100vw, 536px\" \/><\/p>\n<p>&nbsp;<\/p>\n<p>&nbsp;<\/p>\n<p>&nbsp;<\/p>\n<p>&nbsp;<\/p>\n<p>&nbsp;<\/p>\n<p>Ein gr\u00f6\u00dfere Auswahl \u00a0<span style=\"text-align: center; font-size: 16px; line-height: 1.5;\">von Eintr\u00e4gen in unser G\u00e4stebuch finden Sie hier:<\/span><br \/>\n<a href=\"http:\/\/einfach-menschlich.de\/wp-content\/uploads\/2016\/01\/G\u00e4stebuch-1.pdf\" rel=\"\">G\u00e4stebuch 1<\/a><\/p>\n","protected":false},"excerpt":{"rendered":"<p>&nbsp; &nbsp; &nbsp; &nbsp; &nbsp; &nbsp; &nbsp; &nbsp; &nbsp; &nbsp; &nbsp; &nbsp; &nbsp; &nbsp; &nbsp; &nbsp; &nbsp; Ein gr\u00f6\u00dfere Auswahl \u00a0von Eintr\u00e4gen in unser G\u00e4stebuch finden Sie hier: G\u00e4stebuch 1<\/p>\n","protected":false},"author":1,"featured_media":0,"parent":75,"menu_order":0,"comment_status":"closed","ping_status":"closed","template":"","meta":{"footnotes":""},"class_list":["post-95","page","type-page","status-publish","hentry"],"_links":{"self":[{"href":"https:\/\/einfach-menschlich.de\/index.php\/wp-json\/wp\/v2\/pages\/95","targetHints":{"allow":["GET"]}}],"collection":[{"href":"https:\/\/einfach-menschlich.de\/index.php\/wp-json\/wp\/v2\/pages"}],"about":[{"href":"https:\/\/einfach-menschlich.de\/index.php\/wp-json\/wp\/v2\/types\/page"}],"author":[{"embeddable":true,"href":"https:\/\/einfach-menschlich.de\/index.php\/wp-json\/wp\/v2\/users\/1"}],"replies":[{"embeddable":true,"href":"https:\/\/einfach-menschlich.de\/index.php\/wp-json\/wp\/v2\/comments?post=95"}],"version-history":[{"count":5,"href":"https:\/\/einfach-menschlich.de\/index.php\/wp-json\/wp\/v2\/pages\/95\/revisions"}],"predecessor-version":[{"id":442,"href":"https:\/\/einfach-menschlich.de\/index.php\/wp-json\/wp\/v2\/pages\/95\/revisions\/442"}],"up":[{"embeddable":true,"href":"https:\/\/einfach-menschlich.de\/index.php\/wp-json\/wp\/v2\/pages\/75"}],"wp:attachment":[{"href":"https:\/\/einfach-menschlich.de\/index.php\/wp-json\/wp\/v2\/media?parent=95"}],"curies":[{"name":"wp","href":"https:\/\/api.w.org\/{rel}","templated":true}]}}