{"id":90,"date":"2016-01-10T17:26:22","date_gmt":"2016-01-10T16:26:22","guid":{"rendered":"http:\/\/einfach-menschlich.de\/?page_id=90"},"modified":"2025-08-02T17:14:17","modified_gmt":"2025-08-02T15:14:17","slug":"ziele-und-zielgruppen","status":"publish","type":"page","link":"https:\/\/einfach-menschlich.de\/index.php\/konzept-2\/ziele-und-zielgruppen\/","title":{"rendered":"Ziele und Zielgruppen"},"content":{"rendered":"<h6><\/h6>\n<h6><span style=\"color: #000080;\">Ziele<\/span><\/h6>\n<ul>\n<li>Es ist das \u00a0Ziel dieser Ausstellung, die Besucher daf\u00fcr zu sensibilisieren, dass\u00a0es einen Weg gibt in ein s\u00fcchtiges Verhalten und dieser Weg grunds\u00e4tzlich ein Ausweichen darstellt, wenn in bestimmten Phasen und Konfliktmomenten in einer Lebenslandschaft\u00a0 andere Wege nicht deutlich waren, zu beschwerlich erschienen oder ausreichende L\u00f6sungskompetenzen nicht zur Verf\u00fcgung standen.<\/li>\n<\/ul>\n<ul>\n<li>Dies bedeutet grunds\u00e4tzlich aber auch, dass dieser Weg des s\u00fcchtigen Verhaltens auch wieder verlassen werden kann, oft nur m\u00fchsam, manchmal nur in vielen Versuchen.<\/li>\n<\/ul>\n<ul>\n<li style=\"text-align: left;\">EINFACH MENSCHLICH hilft somit Sucht zu verstehen, indem es die Besucher mitnimmt auf einen exemplarischen Weg, an dessen Ende das Ausweichen in s\u00fcchtiges Verhalten stehen kann. \u00a0Nat\u00fcrlich hei\u00dft dies, dass die Besucher dabei auch konfrontiert werden mit ihrem eigenen Umgang mit Suchtmitteln und Verhaltensweisen.<\/li>\n<\/ul>\n<ul>\n<li style=\"text-align: left;\"><span style=\"font-size: 16px; line-height: 1.5;\">EINFACH MENSCHLICH l\u00e4dt dazu ein, eigenes Verhalten zu reflektieren und setzt somit Impulse f\u00fcr Verhaltens\u00e4nderungen.<\/span><\/li>\n<\/ul>\n<ul>\n<li>Selbstverst\u00e4ndlich\u00a0stehen dem Besucher Sachinformationen zu allen Suchtmitteln und zu Hilfsangeboten vor\u00a0 Ort zur Verf\u00fcgung. \u00a0Der gro\u00dfe und jahrelange Erfolg dieses Projektes besteht aber vor allem darin, dass es den Besuchern eine Chance bietet, die Bedeutung einer selbstbestimmten Lebensweise zu erleben.<\/li>\n<\/ul>\n<h6><span style=\"color: #000080;\">Zielgruppen<\/span><\/h6>\n<p><img loading=\"lazy\" decoding=\"async\" class=\"aligncenter wp-image-286\" src=\"http:\/\/einfach-menschlich.de\/wp-content\/uploads\/2016\/01\/3.0-Ziele-Collage-300x195.jpg\" alt=\"3.0 Ziele Collage\" width=\"711\" height=\"462\" srcset=\"https:\/\/einfach-menschlich.de\/wp-content\/uploads\/2016\/01\/3.0-Ziele-Collage-300x195.jpg 300w, https:\/\/einfach-menschlich.de\/wp-content\/uploads\/2016\/01\/3.0-Ziele-Collage-768x499.jpg 768w, https:\/\/einfach-menschlich.de\/wp-content\/uploads\/2016\/01\/3.0-Ziele-Collage-1024x665.jpg 1024w\" sizes=\"auto, (max-width: 711px) 100vw, 711px\" \/><\/p>\n<ul>\n<li>Die Zielgruppe dieser Ausstellung sind zum Einen Heranwachsende und junge Erwachsene ab 17 Jahren, weshalb die Ausstellung h\u00e4ufig in Einzelschulen oder Schulzentren f\u00fcr zwei- bis vierw\u00f6chige Termine zu Gast ist.<\/li>\n<\/ul>\n<ul>\n<li>Zum Zweiten sind Firmen sowie vor allem gro\u00dfe medizinische Einrichtungen mit ihren Mitarbeitern und Mitarbeiterinnen und ihrer Patientenschaft seit vielen Jahren ein wichtiges Bet\u00e4tigungsfeld f\u00fcr dieses Projekt.<\/li>\n<\/ul>\n","protected":false},"excerpt":{"rendered":"<p>Ziele Es ist das \u00a0Ziel dieser Ausstellung, die Besucher daf\u00fcr zu sensibilisieren, dass\u00a0es einen Weg gibt in ein s\u00fcchtiges Verhalten und dieser Weg grunds\u00e4tzlich ein Ausweichen darstellt, wenn in bestimmten Phasen und Konfliktmomenten in einer Lebenslandschaft\u00a0 andere Wege nicht deutlich&hellip; <\/p>\n","protected":false},"author":1,"featured_media":0,"parent":62,"menu_order":0,"comment_status":"closed","ping_status":"closed","template":"","meta":{"footnotes":""},"class_list":["post-90","page","type-page","status-publish","hentry"],"_links":{"self":[{"href":"https:\/\/einfach-menschlich.de\/index.php\/wp-json\/wp\/v2\/pages\/90","targetHints":{"allow":["GET"]}}],"collection":[{"href":"https:\/\/einfach-menschlich.de\/index.php\/wp-json\/wp\/v2\/pages"}],"about":[{"href":"https:\/\/einfach-menschlich.de\/index.php\/wp-json\/wp\/v2\/types\/page"}],"author":[{"embeddable":true,"href":"https:\/\/einfach-menschlich.de\/index.php\/wp-json\/wp\/v2\/users\/1"}],"replies":[{"embeddable":true,"href":"https:\/\/einfach-menschlich.de\/index.php\/wp-json\/wp\/v2\/comments?post=90"}],"version-history":[{"count":16,"href":"https:\/\/einfach-menschlich.de\/index.php\/wp-json\/wp\/v2\/pages\/90\/revisions"}],"predecessor-version":[{"id":688,"href":"https:\/\/einfach-menschlich.de\/index.php\/wp-json\/wp\/v2\/pages\/90\/revisions\/688"}],"up":[{"embeddable":true,"href":"https:\/\/einfach-menschlich.de\/index.php\/wp-json\/wp\/v2\/pages\/62"}],"wp:attachment":[{"href":"https:\/\/einfach-menschlich.de\/index.php\/wp-json\/wp\/v2\/media?parent=90"}],"curies":[{"name":"wp","href":"https:\/\/api.w.org\/{rel}","templated":true}]}}