{"id":81,"date":"2016-01-10T17:17:54","date_gmt":"2016-01-10T16:17:54","guid":{"rendered":"http:\/\/einfach-menschlich.de\/?page_id=81"},"modified":"2025-01-14T13:02:02","modified_gmt":"2025-01-14T12:02:02","slug":"ueber-uns-2","status":"publish","type":"page","link":"https:\/\/einfach-menschlich.de\/index.php\/ueber-uns-2\/","title":{"rendered":"\u00dcber uns"},"content":{"rendered":"<p>Das Projekt EINFACH MENSCHLICH ist\u00a0 im Jahre 1998 aus der Idee von genesenden S\u00fcchtigen und ihren Angeh\u00f6rigen entstanden, s\u00fcchtiges Verhalten f\u00fcr nicht-betroffene oder noch nicht betroffene Menschen verstehbar und nachf\u00fchlbar zu machen. Das Projekt hat sich von Anfang an verstanden als ein Beitrag, dem Abgleiten eines Menschen\u00a0 in den Weg s\u00fcchtigen Verhaltens zuvorzukommen, also im Wortsinne Pr\u00e4vention zu leisten.<\/p>\n<p><img loading=\"lazy\" decoding=\"async\" class=\"wp-image-132 alignleft\" src=\"http:\/\/einfach-menschlich.de\/wp-content\/uploads\/2016\/01\/1.1-Foto-\u00dcber-uns-248x300.jpg\" alt=\"1.1 Foto \u00dcber uns\" width=\"72\" height=\"87\" srcset=\"https:\/\/einfach-menschlich.de\/wp-content\/uploads\/2016\/01\/1.1-Foto-\u00dcber-uns-248x300.jpg 248w, https:\/\/einfach-menschlich.de\/wp-content\/uploads\/2016\/01\/1.1-Foto-\u00dcber-uns.jpg 647w\" sizes=\"auto, (max-width: 72px) 100vw, 72px\" \/>Tr\u00e4ger der Ausstellung ist der gemeinn\u00fctzige Verein S.u.G. \u2013 Suchtpr\u00e4vention und Genesung e.V. Regensburg, ein Zusammenschluss genesender S\u00fcchtiger und Angeh\u00f6riger.<img loading=\"lazy\" decoding=\"async\" class=\"wp-image-661 alignright\" src=\"http:\/\/einfach-menschlich.de\/wp-content\/uploads\/2025\/01\/AOK_gruen-auf-weiss-300x93.png\" alt=\"\" width=\"116\" height=\"36\" srcset=\"https:\/\/einfach-menschlich.de\/wp-content\/uploads\/2025\/01\/AOK_gruen-auf-weiss-300x93.png 300w, https:\/\/einfach-menschlich.de\/wp-content\/uploads\/2025\/01\/AOK_gruen-auf-weiss-1024x317.png 1024w, https:\/\/einfach-menschlich.de\/wp-content\/uploads\/2025\/01\/AOK_gruen-auf-weiss-768x238.png 768w, https:\/\/einfach-menschlich.de\/wp-content\/uploads\/2025\/01\/AOK_gruen-auf-weiss-1536x476.png 1536w, https:\/\/einfach-menschlich.de\/wp-content\/uploads\/2025\/01\/AOK_gruen-auf-weiss-2048x634.png 2048w\" sizes=\"auto, (max-width: 116px) 100vw, 116px\" \/>Seit M\u00e4rz 2017 wird das Projekt durchgef\u00fchrt in Kooperation mit der AOK Bayern.<\/p>\n<p><img loading=\"lazy\" decoding=\"async\" class=\"wp-image-138 alignleft\" src=\"http:\/\/einfach-menschlich.de\/wp-content\/uploads\/2016\/01\/1.2-Foto-\u00dcber-uns-300x208.jpg\" alt=\"1.2 Foto \u00dcber uns\" width=\"218\" height=\"151\" srcset=\"https:\/\/einfach-menschlich.de\/wp-content\/uploads\/2016\/01\/1.2-Foto-\u00dcber-uns-300x208.jpg 300w, https:\/\/einfach-menschlich.de\/wp-content\/uploads\/2016\/01\/1.2-Foto-\u00dcber-uns-768x533.jpg 768w, https:\/\/einfach-menschlich.de\/wp-content\/uploads\/2016\/01\/1.2-Foto-\u00dcber-uns.jpg 1013w\" sizes=\"auto, (max-width: 218px) 100vw, 218px\" \/><\/p>\n<p>EINFACH MENSCHLICH wurde von genesenden S\u00fcchtigen und Angeh\u00f6rigen in enger Zusammenarbeit mit Fachleuten entwickelt<span style=\"font-size: 16px; line-height: 1.5;\">\u00a0<\/span>und angefertigt. <img loading=\"lazy\" decoding=\"async\" class=\"wp-image-140 alignright\" src=\"http:\/\/einfach-menschlich.de\/wp-content\/uploads\/2016\/01\/1.4-Foto-\u00dcber-uns-300x199.jpg\" alt=\"1.4 Foto \u00dcber uns\" width=\"224\" height=\"149\" srcset=\"https:\/\/einfach-menschlich.de\/wp-content\/uploads\/2016\/01\/1.4-Foto-\u00dcber-uns-300x199.jpg 300w, https:\/\/einfach-menschlich.de\/wp-content\/uploads\/2016\/01\/1.4-Foto-\u00dcber-uns-768x509.jpg 768w, https:\/\/einfach-menschlich.de\/wp-content\/uploads\/2016\/01\/1.4-Foto-\u00dcber-uns-1024x679.jpg 1024w\" sizes=\"auto, (max-width: 224px) 100vw, 224px\" \/>Bis heute wird das Projekt von ehemaligen Suchtkranken und Angeh\u00f6rigen, aber auch von wissenschaftlich qualifizierten Fachkr\u00e4ften begleitet. Die Mitarbeiter gehen mit gro\u00dfem Engagement ihrer T\u00e4tigkeit nach und reflektieren und ver\u00e4ndern die Umsetzung ihrer Konzeption fortlaufend.<\/p>\n<p>EINFACH MENSC<img loading=\"lazy\" decoding=\"async\" class=\" wp-image-141 alignleft\" src=\"http:\/\/einfach-menschlich.de\/wp-content\/uploads\/2016\/01\/1.5-Foto-\u00dcber-uns-300x225.jpg\" alt=\"1.5 Foto \u00dcber uns\" width=\"194\" height=\"146\" srcset=\"https:\/\/einfach-menschlich.de\/wp-content\/uploads\/2016\/01\/1.5-Foto-\u00dcber-uns-300x225.jpg 300w, https:\/\/einfach-menschlich.de\/wp-content\/uploads\/2016\/01\/1.5-Foto-\u00dcber-uns-768x576.jpg 768w, https:\/\/einfach-menschlich.de\/wp-content\/uploads\/2016\/01\/1.5-Foto-\u00dcber-uns-1024x768.jpg 1024w\" sizes=\"auto, (max-width: 194px) 100vw, 194px\" \/>HLICH ist eine Ausstellung zum Thema \u201eSucht\u201c, aber zugleich sehr viel mehr als eine reine Ausstellung, die den Besucher passiv schlendern l\u00e4sst. Was sich genau an Konzeption und dessen Umsetzung dahinter verbirgt, erfahren Sie auf den n\u00e4chsten Seiten.<\/p>\n<p>Im Laufe der Jahre ist\u00a0 EINFACH MENSCHLICH an 191 Orten in der Bundesrepublik zu Gast gewesen, jeweils zwischen zlwei bis sechs Wochen. Dabei haben wir mittlerweile weit mehr als 350000 Besucher begr\u00fc\u00dfen k\u00f6nnen.<\/p>\n<p>Das durchgehend herausragende Echo auf dieses au\u00dfergew\u00f6hnliche Projekt ist in vielf\u00e4ltiger Weise erhoben, dokumentiert und evaluiert worden.<\/p>\n<p><img loading=\"lazy\" decoding=\"async\" class=\"aligncenter wp-image-143\" src=\"http:\/\/einfach-menschlich.de\/wp-content\/uploads\/2016\/01\/1.7-Foto-\u00dcber-uns-300x78.jpg\" alt=\"1.7 Foto \u00dcber uns\" width=\"765\" height=\"199\" srcset=\"https:\/\/einfach-menschlich.de\/wp-content\/uploads\/2016\/01\/1.7-Foto-\u00dcber-uns-300x78.jpg 300w, https:\/\/einfach-menschlich.de\/wp-content\/uploads\/2016\/01\/1.7-Foto-\u00dcber-uns-768x199.jpg 768w, https:\/\/einfach-menschlich.de\/wp-content\/uploads\/2016\/01\/1.7-Foto-\u00dcber-uns-1024x265.jpg 1024w\" sizes=\"auto, (max-width: 765px) 100vw, 765px\" \/><\/p>\n","protected":false},"excerpt":{"rendered":"<p>Das Projekt EINFACH MENSCHLICH ist\u00a0 im Jahre 1998 aus der Idee von genesenden S\u00fcchtigen und ihren Angeh\u00f6rigen entstanden, s\u00fcchtiges Verhalten f\u00fcr nicht-betroffene oder noch nicht betroffene Menschen verstehbar und nachf\u00fchlbar zu machen. Das Projekt hat sich von Anfang an verstanden&hellip; <\/p>\n","protected":false},"author":1,"featured_media":0,"parent":0,"menu_order":2,"comment_status":"closed","ping_status":"closed","template":"","meta":{"footnotes":""},"class_list":["post-81","page","type-page","status-publish","hentry"],"_links":{"self":[{"href":"https:\/\/einfach-menschlich.de\/index.php\/wp-json\/wp\/v2\/pages\/81","targetHints":{"allow":["GET"]}}],"collection":[{"href":"https:\/\/einfach-menschlich.de\/index.php\/wp-json\/wp\/v2\/pages"}],"about":[{"href":"https:\/\/einfach-menschlich.de\/index.php\/wp-json\/wp\/v2\/types\/page"}],"author":[{"embeddable":true,"href":"https:\/\/einfach-menschlich.de\/index.php\/wp-json\/wp\/v2\/users\/1"}],"replies":[{"embeddable":true,"href":"https:\/\/einfach-menschlich.de\/index.php\/wp-json\/wp\/v2\/comments?post=81"}],"version-history":[{"count":41,"href":"https:\/\/einfach-menschlich.de\/index.php\/wp-json\/wp\/v2\/pages\/81\/revisions"}],"predecessor-version":[{"id":677,"href":"https:\/\/einfach-menschlich.de\/index.php\/wp-json\/wp\/v2\/pages\/81\/revisions\/677"}],"wp:attachment":[{"href":"https:\/\/einfach-menschlich.de\/index.php\/wp-json\/wp\/v2\/media?parent=81"}],"curies":[{"name":"wp","href":"https:\/\/api.w.org\/{rel}","templated":true}]}}