{"id":78,"date":"2016-01-10T17:14:19","date_gmt":"2016-01-10T16:14:19","guid":{"rendered":"http:\/\/einfach-menschlich.de\/?page_id=78"},"modified":"2022-01-11T10:34:41","modified_gmt":"2022-01-11T09:34:41","slug":"unser-angebot","status":"publish","type":"page","link":"https:\/\/einfach-menschlich.de\/index.php\/unser-angebot\/","title":{"rendered":"Unser Angebot"},"content":{"rendered":"<p>&nbsp;<\/p>\n<h6>\u00a0<img loading=\"lazy\" decoding=\"async\" class=\"aligncenter wp-image-332\" src=\"http:\/\/einfach-menschlich.de\/wp-content\/uploads\/2016\/01\/7.0-Unser-Angebot-Collage-2-300x31.jpg\" alt=\"7.0 Unser Angebot Collage (2)\" width=\"745\" height=\"77\" srcset=\"https:\/\/einfach-menschlich.de\/wp-content\/uploads\/2016\/01\/7.0-Unser-Angebot-Collage-2-300x31.jpg 300w, https:\/\/einfach-menschlich.de\/wp-content\/uploads\/2016\/01\/7.0-Unser-Angebot-Collage-2-768x79.jpg 768w, https:\/\/einfach-menschlich.de\/wp-content\/uploads\/2016\/01\/7.0-Unser-Angebot-Collage-2-1024x106.jpg 1024w\" sizes=\"auto, (max-width: 745px) 100vw, 745px\" \/><\/h6>\n<h6><\/h6>\n<h6><\/h6>\n<h6>Ausstellungsdaten<\/h6>\n<p>&nbsp;<\/p>\n<p style=\"text-align: left; padding-left: 120px;\"><strong>Gr\u00f6\u00dfe:<\/strong><\/p>\n<p style=\"text-align: left; padding-left: 270px;\">Mindestens 160 m\u00b2 Ausstellungsfl\u00e4che<\/p>\n<p style=\"text-align: left; padding-left: 120px;\"><strong>Ausstellungsart:<\/strong><\/p>\n<p style=\"text-align: left; padding-left: 270px;\">Betreute Informations- und\u00a0 Erfahrungsausstellung<\/p>\n<p style=\"padding-left: 120px;\"><strong>Personal: \u00a0<\/strong><\/p>\n<p style=\"padding-left: 270px;\">Betreuung durch Fachpersonal des Vereins<\/p>\n<p style=\"padding-left: 270px;\">Freia von Hennigs<\/p>\n<p style=\"padding-left: 270px;\">Klaus Haschberger<\/p>\n<p style=\"padding-left: 270px;\">Auf-und Abbau durch Arbeitskr\u00e4fte des Vereins plus Helfer vor Ort<\/p>\n<p style=\"padding-left: 120px;\"><strong>Verleihdauer:<\/strong><\/p>\n<p style=\"padding-left: 270px;\">Mindestens\u00a0 2 Wochen \u00a0(incl. Auf-und Abbau)<\/p>\n<p style=\"padding-left: 120px;\"><strong>Auf- und Abbau:<\/strong><\/p>\n<p style=\"padding-left: 270px;\">Jeweils 1 Tag<\/p>\n<p style=\"padding-left: 120px;\"><strong>Transport :<\/strong><\/p>\n<p style=\"padding-left: 270px;\">7,5 t \u00a0LKW \u2013 Vom Verein organisiert und durchgef\u00fchrt<\/p>\n<h6><\/h6>\n<h6><\/h6>\n<h6>Unsere Leistung<\/h6>\n<p style=\"padding-left: 270px;\">Ausstellung mit 8 begehbaren Rauminstallationen f\u00fcr mindestens 150-400 m\u00b2 Ausstellungsfl\u00e4che<\/p>\n<p style=\"padding-left: 270px;\">An- und Abtransport in ganz Deutschland<\/p>\n<p style=\"padding-left: 270px;\">Auf- und Abbau zusammen mit Helfern vor Ort<\/p>\n<p style=\"padding-left: 270px;\">Gespr\u00e4che &amp; F\u00fchrungen f\u00fcr Gruppen<\/p>\n<p style=\"padding-left: 270px;\">Schulklassenbetreuung<\/p>\n<p style=\"padding-left: 270px;\">Beratungsgespr\u00e4che f\u00fcr Einzelbesucher<\/p>\n<p style=\"padding-left: 270px;\">Angebote f\u00fcr Lehrkr\u00e4fte im Rahmen des Ausstellungsprojekts<\/p>\n<p style=\"padding-left: 270px;\">Fachvortrag bei Er\u00f6ffnungsveranstaltung<\/p>\n<p style=\"padding-left: 270px;\">Beratung und Hilfe bez\u00fcglich der Organisation vor Ort<\/p>\n<p>&nbsp;<\/p>\n<p>&nbsp;<\/p>\n<h6>Daf\u00fcr zahlen Sie uns<\/h6>\n<p style=\"padding-left: 270px;\">Ausleihgeb\u00fchr &#8211; auf Anfrage<\/p>\n<p style=\"padding-left: 270px;\">Transport inkl. Versicherungsanteil \u2013 auf Anfrage<\/p>\n<h6><\/h6>\n<p>&nbsp;<\/p>\n","protected":false},"excerpt":{"rendered":"<p>&nbsp; \u00a0 Ausstellungsdaten &nbsp; Gr\u00f6\u00dfe: Mindestens 160 m\u00b2 Ausstellungsfl\u00e4che Ausstellungsart: Betreute Informations- und\u00a0 Erfahrungsausstellung Personal: \u00a0 Betreuung durch Fachpersonal des Vereins Freia von Hennigs Klaus Haschberger Auf-und Abbau durch Arbeitskr\u00e4fte des Vereins plus Helfer vor Ort Verleihdauer: Mindestens\u00a0 2 Wochen&hellip; <\/p>\n","protected":false},"author":1,"featured_media":0,"parent":0,"menu_order":0,"comment_status":"closed","ping_status":"closed","template":"","meta":{"footnotes":""},"class_list":["post-78","page","type-page","status-publish","hentry"],"_links":{"self":[{"href":"https:\/\/einfach-menschlich.de\/index.php\/wp-json\/wp\/v2\/pages\/78","targetHints":{"allow":["GET"]}}],"collection":[{"href":"https:\/\/einfach-menschlich.de\/index.php\/wp-json\/wp\/v2\/pages"}],"about":[{"href":"https:\/\/einfach-menschlich.de\/index.php\/wp-json\/wp\/v2\/types\/page"}],"author":[{"embeddable":true,"href":"https:\/\/einfach-menschlich.de\/index.php\/wp-json\/wp\/v2\/users\/1"}],"replies":[{"embeddable":true,"href":"https:\/\/einfach-menschlich.de\/index.php\/wp-json\/wp\/v2\/comments?post=78"}],"version-history":[{"count":15,"href":"https:\/\/einfach-menschlich.de\/index.php\/wp-json\/wp\/v2\/pages\/78\/revisions"}],"predecessor-version":[{"id":601,"href":"https:\/\/einfach-menschlich.de\/index.php\/wp-json\/wp\/v2\/pages\/78\/revisions\/601"}],"wp:attachment":[{"href":"https:\/\/einfach-menschlich.de\/index.php\/wp-json\/wp\/v2\/media?parent=78"}],"curies":[{"name":"wp","href":"https:\/\/api.w.org\/{rel}","templated":true}]}}