{"id":72,"date":"2016-01-10T17:13:14","date_gmt":"2016-01-10T16:13:14","guid":{"rendered":"http:\/\/einfach-menschlich.de\/?page_id=72"},"modified":"2017-12-07T11:28:48","modified_gmt":"2017-12-07T10:28:48","slug":"ausstellungsweg","status":"publish","type":"page","link":"https:\/\/einfach-menschlich.de\/index.php\/ausstellungsweg\/","title":{"rendered":"Ausstellungsweg"},"content":{"rendered":"<h3><\/h3>\n<h3><img loading=\"lazy\" decoding=\"async\" class=\" wp-image-211 alignleft\" style=\"line-height: 1.5;\" src=\"http:\/\/einfach-menschlich.de\/wp-content\/uploads\/2016\/01\/5.1-Ausstellungsweg-300x192.jpg\" alt=\"5.1 Ausstellungsweg\" width=\"428\" height=\"274\" srcset=\"https:\/\/einfach-menschlich.de\/wp-content\/uploads\/2016\/01\/5.1-Ausstellungsweg-300x192.jpg 300w, https:\/\/einfach-menschlich.de\/wp-content\/uploads\/2016\/01\/5.1-Ausstellungsweg-768x492.jpg 768w, https:\/\/einfach-menschlich.de\/wp-content\/uploads\/2016\/01\/5.1-Ausstellungsweg-1024x656.jpg 1024w\" sizes=\"auto, (max-width: 428px) 100vw, 428px\" \/><span style=\"line-height: 1.5;\">1. Eingang<\/span><\/h3>\n<p>Vorbei an lebensgro\u00dfen Standfiguren von ganz \u201enormalen\u201c Menschen, von denen die eine oder andere s\u00fcchtig ist, treten die Besucher durch eine Auswahl von verschiedenen Schattenrissen in die Welt der Ausstellung ein.<\/p>\n<p>&nbsp;<\/p>\n<p>&nbsp;<\/p>\n<p>&nbsp;<\/p>\n<p>&nbsp;<\/p>\n<p>&nbsp;<\/p>\n<p>&nbsp;<\/p>\n<h3><span style=\"line-height: 1.5;\">2. Dies alles kann Sucht sein<\/span><img loading=\"lazy\" decoding=\"async\" class=\" wp-image-212 alignright\" style=\"line-height: 1.5;\" src=\"http:\/\/einfach-menschlich.de\/wp-content\/uploads\/2016\/01\/5.2-Ausstellungsweg-204x300.jpg\" alt=\"5.2 Ausstellungsweg\" width=\"315\" height=\"463\" srcset=\"https:\/\/einfach-menschlich.de\/wp-content\/uploads\/2016\/01\/5.2-Ausstellungsweg-204x300.jpg 204w, https:\/\/einfach-menschlich.de\/wp-content\/uploads\/2016\/01\/5.2-Ausstellungsweg.jpg 698w\" sizes=\"auto, (max-width: 315px) 100vw, 315px\" \/><\/h3>\n<p>&nbsp;<\/p>\n<p>Sucht hat viele Erscheinungsformen. Medikamentensucht, Fernsehsucht, Alkoholismus, Esssucht, Sexsucht, Arbeitssucht\u2026<\/p>\n<p>Aber auch allt\u00e4gliche Verhaltensweisen, oft hingenommen, bagatellisiert \u2013 wie Tobsucht, Streitsucht, Habsucht, Eifersucht- \u00a0k\u00f6nnen zerst\u00f6rerisch werden. Ist auch das schon Sucht? Ein raumhoher Baum regt an, sich mit der Vielfalt m\u00f6glicher Suchterkrankungen auseinanderzusetzen.<\/p>\n<p>&nbsp;<\/p>\n<p>&nbsp;<\/p>\n<p>&nbsp;<\/p>\n<p>&nbsp;<\/p>\n<p>&nbsp;<\/p>\n<p>&nbsp;<\/p>\n<p><img loading=\"lazy\" decoding=\"async\" class=\" wp-image-213 alignleft\" src=\"http:\/\/einfach-menschlich.de\/wp-content\/uploads\/2016\/01\/5.3-Ausstellungsweg-225x300.jpg\" alt=\"5.3 Ausstellungsweg\" width=\"276\" height=\"368\" srcset=\"https:\/\/einfach-menschlich.de\/wp-content\/uploads\/2016\/01\/5.3-Ausstellungsweg-225x300.jpg 225w, https:\/\/einfach-menschlich.de\/wp-content\/uploads\/2016\/01\/5.3-Ausstellungsweg-768x1024.jpg 768w, https:\/\/einfach-menschlich.de\/wp-content\/uploads\/2016\/01\/5.3-Ausstellungsweg.jpg 1920w\" sizes=\"auto, (max-width: 276px) 100vw, 276px\" \/><\/p>\n<h3>3. Fragen zu Sucht<\/h3>\n<p>In einem Wandelgang treffen die Besucher auf sechs mit Vorh\u00e4ngen abgetrennte R\u00e4ume, in denen grundlegende Fragen zum Thema Sucht von Betroffenen und Fachleuten beantwortet werden:<\/p>\n<p>1 Was ist Sucht?<\/p>\n<p>2 Kann jeder s\u00fcchtig werden?<\/p>\n<p>3 Gibt es harmlose S\u00fcchte?<\/p>\n<p>4 Ab wann bin ich s\u00fcchtig?<\/p>\n<p>5 Was ist das Gef\u00e4hrliche an Sucht?<\/p>\n<p>6 Was kann ich tun?<\/p>\n<p>&nbsp;<\/p>\n<p>&nbsp;<\/p>\n<p>&nbsp;<\/p>\n<h3>4. Suchtwege \u2013 Auswege<img loading=\"lazy\" decoding=\"async\" class=\" wp-image-214 alignright\" src=\"http:\/\/einfach-menschlich.de\/wp-content\/uploads\/2016\/01\/5.4-Ausstellungsweg-225x300.jpg\" alt=\"SAMSUNG CAMERA PICTURES\" width=\"282\" height=\"376\" srcset=\"https:\/\/einfach-menschlich.de\/wp-content\/uploads\/2016\/01\/5.4-Ausstellungsweg-225x300.jpg 225w, https:\/\/einfach-menschlich.de\/wp-content\/uploads\/2016\/01\/5.4-Ausstellungsweg-768x1024.jpg 768w\" sizes=\"auto, (max-width: 282px) 100vw, 282px\" \/><\/h3>\n<p>Niemand fasst den Entschluss, s\u00fcchtig zu werden.<\/p>\n<p>Eine begehbare, immer enger werdende Spirale macht den schleichenden Weg in eine Abh\u00e4ngigkeit erlebbar \u2013 bis hin zum Tiefpunkt und Entzug.<\/p>\n<p>&nbsp;<\/p>\n<p>Erst wenn S\u00fcchtige Ihre Krankheit annehmen, die Bereitschaft entwickeln aufzuh\u00f6ren und sich Hilfe zu holen, wendet sich die Spirale nach au\u00dfen und \u00f6ffnet sich wieder. Schritt f\u00fcr Schritt, mit Hilfe von Beratung, Therapie, Selbsthilfegruppen, Einhaltung bestimmter Regeln und viel Geduld, kann eine neue, positive Lebensqualit\u00e4t ohne Ausweichen beginnen.<\/p>\n<p>&nbsp;<\/p>\n<p>&nbsp;<\/p>\n<p>&nbsp;<\/p>\n<h3>5. Was macht Sucht mit Menschen?<\/h3>\n<p><img loading=\"lazy\" decoding=\"async\" class=\"wp-image-216 alignleft\" src=\"http:\/\/einfach-menschlich.de\/wp-content\/uploads\/2016\/01\/5.6-Ausstellungsweg-300x97.jpg\" alt=\"5.6 Ausstellungsweg\" width=\"510\" height=\"165\" srcset=\"https:\/\/einfach-menschlich.de\/wp-content\/uploads\/2016\/01\/5.6-Ausstellungsweg-300x97.jpg 300w, https:\/\/einfach-menschlich.de\/wp-content\/uploads\/2016\/01\/5.6-Ausstellungsweg-768x248.jpg 768w, https:\/\/einfach-menschlich.de\/wp-content\/uploads\/2016\/01\/5.6-Ausstellungsweg-1024x330.jpg 1024w\" sizes=\"auto, (max-width: 510px) 100vw, 510px\" \/><\/p>\n<p>&nbsp;<\/p>\n<p>&nbsp;<\/p>\n<p>&nbsp;<\/p>\n<p>&nbsp;<\/p>\n<p>&nbsp;<\/p>\n<p>&nbsp;<\/p>\n<p>Sucht ver\u00e4ndert die Menschen. Die Krankheit bestimmt das Denken und F\u00fchlen. Sie durchdringt alle Lebensbereiche. Wer suchtkrank ist, leidet unter bestimmten Merkmalen: gute Vors\u00e4tze, Reizbarkeit, Abwehr, Aggressivit\u00e4t, Verleugnung, Tunnelblick, Bagatellisierung, Schwarzsehen, Unehrlichkeit, Selbstmitleid, Flucht, Verlust der Werte, Verwirrung, Einsamkeit, Verlust der Gef\u00fchle, Scham.<\/p>\n<p>Anhand von \u00fcberlebensgro\u00dfen Standfiguren mit vielen Erfahrungstexten lernen die Besucher Empfindungen und Verhaltensweisen kennen, die kein S\u00fcchtiger auf der Suche nach einem besseren Leben haben wollte.<\/p>\n<p>&nbsp;<\/p>\n<h3>6. Die Sucht hinter der Sucht<\/h3>\n<h3><img loading=\"lazy\" decoding=\"async\" class=\" wp-image-218 alignright\" src=\"http:\/\/einfach-menschlich.de\/wp-content\/uploads\/2016\/01\/5.7.1-Ausstellungsweg-300x45.jpg\" alt=\"5.7.1 Ausstellungsweg\" width=\"486\" height=\"73\" srcset=\"https:\/\/einfach-menschlich.de\/wp-content\/uploads\/2016\/01\/5.7.1-Ausstellungsweg-300x45.jpg 300w, https:\/\/einfach-menschlich.de\/wp-content\/uploads\/2016\/01\/5.7.1-Ausstellungsweg-768x116.jpg 768w, https:\/\/einfach-menschlich.de\/wp-content\/uploads\/2016\/01\/5.7.1-Ausstellungsweg-1024x155.jpg 1024w, https:\/\/einfach-menschlich.de\/wp-content\/uploads\/2016\/01\/5.7.1-Ausstellungsweg.jpg 1126w\" sizes=\"auto, (max-width: 486px) 100vw, 486px\" \/><\/h3>\n<p><img loading=\"lazy\" decoding=\"async\" class=\" wp-image-217 alignleft\" src=\"http:\/\/einfach-menschlich.de\/wp-content\/uploads\/2016\/01\/5.7-Ausstellungsweg-225x300.jpg\" alt=\"5.7 Ausstellungsweg\" width=\"314\" height=\"419\" srcset=\"https:\/\/einfach-menschlich.de\/wp-content\/uploads\/2016\/01\/5.7-Ausstellungsweg-225x300.jpg 225w, https:\/\/einfach-menschlich.de\/wp-content\/uploads\/2016\/01\/5.7-Ausstellungsweg-768x1024.jpg 768w\" sizes=\"auto, (max-width: 314px) 100vw, 314px\" \/><\/p>\n<p>&nbsp;<\/p>\n<p>&nbsp;<\/p>\n<p>&nbsp;<\/p>\n<p>&nbsp;<\/p>\n<p>Besucher k\u00f6nnen den Teufelskreis Sucht in Bewegung setzen. Auf der einen Seite der Station geht es um die krankmachenden, typischen Verhaltensmuster der sogenannten Co-Abh\u00e4ngigkeit, um die vielen gut gemeinten Fehler im Zusammenspiel zwischen S\u00fcchtigen und den Menschen um sie herum.<\/p>\n<p>Auf der anderen Seite finden Besucher M\u00f6glichkeiten, aus diesem Kreislauf auszusteigen.<\/p>\n<p>&nbsp;<\/p>\n<p>&nbsp;<\/p>\n<p>&nbsp;<\/p>\n<p>&nbsp;<\/p>\n<p>&nbsp;<\/p>\n<h3>7. Suchtverlagerung und Mehrfachsucht<\/h3>\n<p><img loading=\"lazy\" decoding=\"async\" class=\" wp-image-219 alignright\" src=\"http:\/\/einfach-menschlich.de\/wp-content\/uploads\/2016\/01\/5.8-Ausstellungsweg-300x225.jpg\" alt=\"5.8 Ausstellungsweg\" width=\"350\" height=\"262\" srcset=\"https:\/\/einfach-menschlich.de\/wp-content\/uploads\/2016\/01\/5.8-Ausstellungsweg-300x225.jpg 300w, https:\/\/einfach-menschlich.de\/wp-content\/uploads\/2016\/01\/5.8-Ausstellungsweg-768x576.jpg 768w, https:\/\/einfach-menschlich.de\/wp-content\/uploads\/2016\/01\/5.8-Ausstellungsweg-1024x768.jpg 1024w\" sizes=\"auto, (max-width: 350px) 100vw, 350px\" \/><\/p>\n<p>Oft sind S\u00fcchtige nicht von einer Sucht abh\u00e4ngig. Die wenigsten sind nur Alkoholiker, nur Spieler, nur Drogenabh\u00e4ngige. Viele S\u00fcchtige leben mehrere S\u00fcchte aus und verlagern ihre Krankheit von einer Sucht auf die andere.<\/p>\n<p>Mehrfachsucht und Suchtverlagerung sind zwei unauff\u00e4llige Spielarten von Sucht. Die Betroffenen merken oft nicht, dass sie s\u00fcchtig sind. Sie klagen \u00fcber \u00c4ngste, Ersch\u00f6pfungszust\u00e4nde, Depressionen, Probleme in allen Lebensbereichen. Die zugrundeliegende Suchterkrankung wird selten erkannt, die Probleme bleiben ungel\u00f6st.<\/p>\n<p>Ein gro\u00dfes Mobile veranschaulicht diese Dynamik.<\/p>\n<p>&nbsp;<\/p>\n<p>&nbsp;<\/p>\n<h3>8. Hilfe zur Selbsthilfe<\/h3>\n<p>An drei Orten in der Ausstellung \u00a0werden weiterf\u00fchrende Informationen zum Thema Sucht angeboten.<\/p>\n<p>&nbsp;<\/p>\n<p>In einem begehbaren <img loading=\"lazy\" decoding=\"async\" class=\" wp-image-220 alignleft\" src=\"http:\/\/einfach-menschlich.de\/wp-content\/uploads\/2016\/01\/5.9-Ausstellungsweg-300x213.jpg\" alt=\"SAMSUNG CAMERA PICTURES\" width=\"312\" height=\"221\" srcset=\"https:\/\/einfach-menschlich.de\/wp-content\/uploads\/2016\/01\/5.9-Ausstellungsweg-300x213.jpg 300w, https:\/\/einfach-menschlich.de\/wp-content\/uploads\/2016\/01\/5.9-Ausstellungsweg-768x545.jpg 768w, https:\/\/einfach-menschlich.de\/wp-content\/uploads\/2016\/01\/5.9-Ausstellungsweg-1024x726.jpg 1024w\" sizes=\"auto, (max-width: 312px) 100vw, 312px\" \/>Leporello werden verschiedenste Suchterkrankungen vorgestellt, entsprechende Informationskarten sowie Kontaktadressen von Selbsthilfegruppen stehen kostenlos zur Verf\u00fcgung.<\/p>\n<p>&nbsp;<\/p>\n<p>&nbsp;<\/p>\n<p>&nbsp;<\/p>\n<p>&nbsp;<\/p>\n<p>&nbsp;<\/p>\n<p><img loading=\"lazy\" decoding=\"async\" class=\" wp-image-221 alignright\" src=\"http:\/\/einfach-menschlich.de\/wp-content\/uploads\/2016\/01\/5.10-Ausstellungsweg-300x141.jpg\" alt=\"5.10 Ausstellungsweg\" width=\"398\" height=\"187\" srcset=\"https:\/\/einfach-menschlich.de\/wp-content\/uploads\/2016\/01\/5.10-Ausstellungsweg-300x141.jpg 300w, https:\/\/einfach-menschlich.de\/wp-content\/uploads\/2016\/01\/5.10-Ausstellungsweg-768x362.jpg 768w, https:\/\/einfach-menschlich.de\/wp-content\/uploads\/2016\/01\/5.10-Ausstellungsweg-1024x483.jpg 1024w\" sizes=\"auto, (max-width: 398px) 100vw, 398px\" \/>In der Leseecke werden B\u00fccher vorgestellt, die Betroffenen weitergeholfen haben.<\/p>\n<p>&nbsp;<\/p>\n<p>&nbsp;<\/p>\n<p>&nbsp;<\/p>\n<p>&nbsp;<\/p>\n<p>&nbsp;<\/p>\n<p><img loading=\"lazy\" decoding=\"async\" class=\" wp-image-222 alignleft\" src=\"http:\/\/einfach-menschlich.de\/wp-content\/uploads\/2016\/01\/5.11-Ausstellungsweg-300x199.jpg\" alt=\"5.11 Ausstellungsweg\" width=\"369\" height=\"245\" srcset=\"https:\/\/einfach-menschlich.de\/wp-content\/uploads\/2016\/01\/5.11-Ausstellungsweg-300x199.jpg 300w, https:\/\/einfach-menschlich.de\/wp-content\/uploads\/2016\/01\/5.11-Ausstellungsweg-768x509.jpg 768w, https:\/\/einfach-menschlich.de\/wp-content\/uploads\/2016\/01\/5.11-Ausstellungsweg-1024x679.jpg 1024w\" sizes=\"auto, (max-width: 369px) 100vw, 369px\" \/><\/p>\n<p>An einem Brosch\u00fcrentisch finden Besucher eine gro\u00dfe Auswahl an Brosch\u00fcren und Test zur Selbsterkennung zu Sucht und Co-Abh\u00e4ngigkeit zur kostenlosen Mitnahme.<\/p>\n<p>&nbsp;<\/p>\n<p>&nbsp;<\/p>\n<p>&nbsp;<\/p>\n<p>&nbsp;<\/p>\n<p>&nbsp;<\/p>\n<p>&nbsp;<\/p>\n<p>&nbsp;<\/p>\n<p>&nbsp;<\/p>\n<p>&nbsp;<\/p>\n","protected":false},"excerpt":{"rendered":"<p>1. Eingang Vorbei an lebensgro\u00dfen Standfiguren von ganz \u201enormalen\u201c Menschen, von denen die eine oder andere s\u00fcchtig ist, treten die Besucher durch eine Auswahl von verschiedenen Schattenrissen in die Welt der Ausstellung ein. &nbsp; &nbsp; &nbsp; &nbsp; &nbsp; &nbsp; 2.&hellip; <\/p>\n","protected":false},"author":1,"featured_media":0,"parent":0,"menu_order":0,"comment_status":"closed","ping_status":"closed","template":"","meta":{"footnotes":""},"class_list":["post-72","page","type-page","status-publish","hentry"],"_links":{"self":[{"href":"https:\/\/einfach-menschlich.de\/index.php\/wp-json\/wp\/v2\/pages\/72","targetHints":{"allow":["GET"]}}],"collection":[{"href":"https:\/\/einfach-menschlich.de\/index.php\/wp-json\/wp\/v2\/pages"}],"about":[{"href":"https:\/\/einfach-menschlich.de\/index.php\/wp-json\/wp\/v2\/types\/page"}],"author":[{"embeddable":true,"href":"https:\/\/einfach-menschlich.de\/index.php\/wp-json\/wp\/v2\/users\/1"}],"replies":[{"embeddable":true,"href":"https:\/\/einfach-menschlich.de\/index.php\/wp-json\/wp\/v2\/comments?post=72"}],"version-history":[{"count":21,"href":"https:\/\/einfach-menschlich.de\/index.php\/wp-json\/wp\/v2\/pages\/72\/revisions"}],"predecessor-version":[{"id":506,"href":"https:\/\/einfach-menschlich.de\/index.php\/wp-json\/wp\/v2\/pages\/72\/revisions\/506"}],"wp:attachment":[{"href":"https:\/\/einfach-menschlich.de\/index.php\/wp-json\/wp\/v2\/media?parent=72"}],"curies":[{"name":"wp","href":"https:\/\/api.w.org\/{rel}","templated":true}]}}