{"id":69,"date":"2016-01-10T17:12:31","date_gmt":"2016-01-10T16:12:31","guid":{"rendered":"http:\/\/einfach-menschlich.de\/?page_id=69"},"modified":"2025-08-02T17:12:36","modified_gmt":"2025-08-02T15:12:36","slug":"betreuung","status":"publish","type":"page","link":"https:\/\/einfach-menschlich.de\/index.php\/betreuung\/","title":{"rendered":"Betreuung"},"content":{"rendered":"<h6><\/h6>\n<h6><span style=\"color: #000000;\">Betreute Erfahrungsausstellung<\/span><\/h6>\n<p><img loading=\"lazy\" decoding=\"async\" class=\" wp-image-301 alignleft\" src=\"http:\/\/einfach-menschlich.de\/wp-content\/uploads\/2016\/01\/4.1-Betreuung-213x300.jpg\" alt=\"4.1 Betreuung\" width=\"270\" height=\"380\" srcset=\"https:\/\/einfach-menschlich.de\/wp-content\/uploads\/2016\/01\/4.1-Betreuung-213x300.jpg 213w, https:\/\/einfach-menschlich.de\/wp-content\/uploads\/2016\/01\/4.1-Betreuung-725x1024.jpg 725w, https:\/\/einfach-menschlich.de\/wp-content\/uploads\/2016\/01\/4.1-Betreuung.jpg 746w\" sizes=\"auto, (max-width: 270px) 100vw, 270px\" \/><\/p>\n<p>Mitverantwortlich f\u00fcr den gro\u00dfen Erfolg und die fortdauernde Nachfrage nach dieser Ausstellung\u00a0 ist sicherlich, dass EINFACH MENSCHLICH eine betreute Erfahrungsausstellung ist.<\/p>\n<p>Dies hei\u00dft, dass zum einen authentische Geschichten von s\u00fcchtigem Verhalten glaubw\u00fcrdig erlebbar gemacht werden.<\/p>\n<p>Zum anderen hei\u00dft es auch, dass w\u00e4hrend des gesamten Ausstellungsbesuches, vor allem nat\u00fcrlich in der anschlie\u00dfenden Gespr\u00e4chszeit, eine kompetente Betreuung stattfindet.<\/p>\n<h6><span style=\"color: #000000;\">Gestaltung des Ausstellungsbesuches<\/span><\/h6>\n<p>Jede angemeldete Besuchergruppe erlebt eine mindestens\u00a0 2 st\u00fcndige Ausstellungszeit.<\/p>\n<p><img loading=\"lazy\" decoding=\"async\" class=\" wp-image-302 alignright\" src=\"http:\/\/einfach-menschlich.de\/wp-content\/uploads\/2016\/01\/4.2-betreuung-300x167.jpg\" alt=\"4.2 betreuung\" width=\"343\" height=\"191\" srcset=\"https:\/\/einfach-menschlich.de\/wp-content\/uploads\/2016\/01\/4.2-betreuung-300x167.jpg 300w, https:\/\/einfach-menschlich.de\/wp-content\/uploads\/2016\/01\/4.2-betreuung-768x427.jpg 768w, https:\/\/einfach-menschlich.de\/wp-content\/uploads\/2016\/01\/4.2-betreuung-1024x570.jpg 1024w, https:\/\/einfach-menschlich.de\/wp-content\/uploads\/2016\/01\/4.2-betreuung.jpg 1705w\" sizes=\"auto, (max-width: 343px) 100vw, 343px\" \/><\/p>\n<ul>\n<li>Vor jedem Ausstellungsbesuch erhalten die Besucher eine ausf\u00fchrliche, offene Einf\u00fchrung in das Thema, die Ausstellung und ihre Absichten.\u00a0All dies immer respektvoll, offen und ohne moralische Wertungen. Die Besucher werden so auf einen Erlebnisraum vorbereitet, in dem Jeder das finden kann, was f\u00fcr ihn bedeutungsvoll ist.<\/li>\n<\/ul>\n<ul>\n<li>\u00a0Der Ausstellungsweg selbst f\u00fchrt unweigerlich zu einem inneren Dialog bei den Besuchern: Aussagen von Betroffenen provozieren den Vergleich mit dem eigenen Leben.<\/li>\n<\/ul>\n<p><img loading=\"lazy\" decoding=\"async\" class=\" wp-image-303 alignleft\" src=\"http:\/\/einfach-menschlich.de\/wp-content\/uploads\/2016\/01\/4.3-Betreuung-225x300.jpg\" alt=\"4.3 Betreuung\" width=\"110\" height=\"146\" srcset=\"https:\/\/einfach-menschlich.de\/wp-content\/uploads\/2016\/01\/4.3-Betreuung-225x300.jpg 225w, https:\/\/einfach-menschlich.de\/wp-content\/uploads\/2016\/01\/4.3-Betreuung-768x1024.jpg 768w, https:\/\/einfach-menschlich.de\/wp-content\/uploads\/2016\/01\/4.3-Betreuung.jpg 1920w\" sizes=\"auto, (max-width: 110px) 100vw, 110px\" \/><\/p>\n<p><img loading=\"lazy\" decoding=\"async\" class=\" wp-image-304 alignleft\" src=\"http:\/\/einfach-menschlich.de\/wp-content\/uploads\/2016\/01\/4.4-Betreuung-225x300.jpg\" alt=\"4.4 Betreuung\" width=\"110\" height=\"147\" srcset=\"https:\/\/einfach-menschlich.de\/wp-content\/uploads\/2016\/01\/4.4-Betreuung-225x300.jpg 225w, https:\/\/einfach-menschlich.de\/wp-content\/uploads\/2016\/01\/4.4-Betreuung-768x1024.jpg 768w\" sizes=\"auto, (max-width: 110px) 100vw, 110px\" \/><\/p>\n<p><img loading=\"lazy\" decoding=\"async\" class=\" wp-image-306 alignleft\" src=\"http:\/\/einfach-menschlich.de\/wp-content\/uploads\/2016\/01\/4.5-betreuung-300x199.jpg\" alt=\"4.5 betreuung\" width=\"218\" height=\"145\" srcset=\"https:\/\/einfach-menschlich.de\/wp-content\/uploads\/2016\/01\/4.5-betreuung-300x199.jpg 300w, https:\/\/einfach-menschlich.de\/wp-content\/uploads\/2016\/01\/4.5-betreuung-768x509.jpg 768w, https:\/\/einfach-menschlich.de\/wp-content\/uploads\/2016\/01\/4.5-betreuung-1024x679.jpg 1024w\" sizes=\"auto, (max-width: 218px) 100vw, 218px\" \/><\/p>\n<p><img loading=\"lazy\" decoding=\"async\" class=\" wp-image-308 alignleft\" src=\"http:\/\/einfach-menschlich.de\/wp-content\/uploads\/2016\/01\/4.6-Betreung-225x300.jpg\" alt=\"4.6 Betreung\" width=\"111\" height=\"148\" srcset=\"https:\/\/einfach-menschlich.de\/wp-content\/uploads\/2016\/01\/4.6-Betreung-225x300.jpg 225w, https:\/\/einfach-menschlich.de\/wp-content\/uploads\/2016\/01\/4.6-Betreung-768x1024.jpg 768w\" sizes=\"auto, (max-width: 111px) 100vw, 111px\" \/><\/p>\n<p><img loading=\"lazy\" decoding=\"async\" class=\" wp-image-309 alignleft\" src=\"http:\/\/einfach-menschlich.de\/wp-content\/uploads\/2016\/01\/4.7-Betreuung-199x300.jpg\" alt=\"4.7 Betreuung\" width=\"98\" height=\"148\" srcset=\"https:\/\/einfach-menschlich.de\/wp-content\/uploads\/2016\/01\/4.7-Betreuung-199x300.jpg 199w, https:\/\/einfach-menschlich.de\/wp-content\/uploads\/2016\/01\/4.7-Betreuung-679x1024.jpg 679w, https:\/\/einfach-menschlich.de\/wp-content\/uploads\/2016\/01\/4.7-Betreuung.jpg 748w\" sizes=\"auto, (max-width: 98px) 100vw, 98px\" \/><\/p>\n<p><img loading=\"lazy\" decoding=\"async\" class=\"size-medium wp-image-310 alignright\" src=\"http:\/\/einfach-menschlich.de\/wp-content\/uploads\/2016\/01\/4.8-Betreung-300x199.jpg\" alt=\"4.8 Betreung\" width=\"300\" height=\"199\" srcset=\"https:\/\/einfach-menschlich.de\/wp-content\/uploads\/2016\/01\/4.8-Betreung-300x199.jpg 300w, https:\/\/einfach-menschlich.de\/wp-content\/uploads\/2016\/01\/4.8-Betreung-768x509.jpg 768w, https:\/\/einfach-menschlich.de\/wp-content\/uploads\/2016\/01\/4.8-Betreung-1024x679.jpg 1024w\" sizes=\"auto, (max-width: 300px) 100vw, 300px\" \/><\/p>\n<ul>\n<li>Im Anschluss an den Ausstellungsbesuch findet immer eine gemeinsame Aussprache statt.\u00a0Hier k\u00f6nnen Fragen gestellt werden, kann jeder Besucher aus seiner eventuellen Betroffenheit heraus sich offen und ohne Sorge \u00e4u\u00dfern. Das hei\u00dft, der innere Dialog der Besucher kann hier zu einem \u00f6ffentlichen Dialog werden, wenn der Besucher das w\u00fcnscht.<\/li>\n<\/ul>\n<p><img loading=\"lazy\" decoding=\"async\" class=\"size-medium wp-image-312 alignright\" src=\"http:\/\/einfach-menschlich.de\/wp-content\/uploads\/2016\/01\/4.9-Betreuung-300x178.jpg\" alt=\"4.9 Betreuung\" width=\"300\" height=\"178\" srcset=\"https:\/\/einfach-menschlich.de\/wp-content\/uploads\/2016\/01\/4.9-Betreuung-300x178.jpg 300w, https:\/\/einfach-menschlich.de\/wp-content\/uploads\/2016\/01\/4.9-Betreuung-768x455.jpg 768w, https:\/\/einfach-menschlich.de\/wp-content\/uploads\/2016\/01\/4.9-Betreuung-1024x607.jpg 1024w, https:\/\/einfach-menschlich.de\/wp-content\/uploads\/2016\/01\/4.9-Betreuung.jpg 1629w\" sizes=\"auto, (max-width: 300px) 100vw, 300px\" \/><\/p>\n<ul>\n<li>Kein Besucher muss diese Ausstellung verlassen, ohne im Bedarfsfall auch im Einzelgespr\u00e4ch Hinweise zu Hilfem\u00f6glichkeiten zu erhalten.<\/li>\n<\/ul>\n","protected":false},"excerpt":{"rendered":"<p>Betreute Erfahrungsausstellung Mitverantwortlich f\u00fcr den gro\u00dfen Erfolg und die fortdauernde Nachfrage nach dieser Ausstellung\u00a0 ist sicherlich, dass EINFACH MENSCHLICH eine betreute Erfahrungsausstellung ist. Dies hei\u00dft, dass zum einen authentische Geschichten von s\u00fcchtigem Verhalten glaubw\u00fcrdig erlebbar gemacht werden. Zum anderen hei\u00dft&hellip; <\/p>\n","protected":false},"author":1,"featured_media":0,"parent":0,"menu_order":0,"comment_status":"closed","ping_status":"closed","template":"","meta":{"footnotes":""},"class_list":["post-69","page","type-page","status-publish","hentry"],"_links":{"self":[{"href":"https:\/\/einfach-menschlich.de\/index.php\/wp-json\/wp\/v2\/pages\/69","targetHints":{"allow":["GET"]}}],"collection":[{"href":"https:\/\/einfach-menschlich.de\/index.php\/wp-json\/wp\/v2\/pages"}],"about":[{"href":"https:\/\/einfach-menschlich.de\/index.php\/wp-json\/wp\/v2\/types\/page"}],"author":[{"embeddable":true,"href":"https:\/\/einfach-menschlich.de\/index.php\/wp-json\/wp\/v2\/users\/1"}],"replies":[{"embeddable":true,"href":"https:\/\/einfach-menschlich.de\/index.php\/wp-json\/wp\/v2\/comments?post=69"}],"version-history":[{"count":18,"href":"https:\/\/einfach-menschlich.de\/index.php\/wp-json\/wp\/v2\/pages\/69\/revisions"}],"predecessor-version":[{"id":687,"href":"https:\/\/einfach-menschlich.de\/index.php\/wp-json\/wp\/v2\/pages\/69\/revisions\/687"}],"wp:attachment":[{"href":"https:\/\/einfach-menschlich.de\/index.php\/wp-json\/wp\/v2\/media?parent=69"}],"curies":[{"name":"wp","href":"https:\/\/api.w.org\/{rel}","templated":true}]}}