{"id":62,"date":"2016-01-10T17:11:09","date_gmt":"2016-01-10T16:11:09","guid":{"rendered":"http:\/\/einfach-menschlich.de\/?page_id=62"},"modified":"2016-08-05T16:10:50","modified_gmt":"2016-08-05T14:10:50","slug":"konzept-2","status":"publish","type":"page","link":"https:\/\/einfach-menschlich.de\/index.php\/konzept-2\/","title":{"rendered":"Konzept"},"content":{"rendered":"<h6 style=\"padding-left: 90px;\"><\/h6>\n<h6 style=\"padding-left: 90px;\">\u00a0<span style=\"color: #000080;\">\u201eIN SEINER GRUNDS\u00c4TZLICHEN OFFENHEIT UND UNVORHERSEHBARKEIT <\/span><span style=\"color: #000080;\">IST LEBEN EIN SPEZIFISCHES WAGNIS, DEM WIR NICHT AUSWEICHEN K\u00d6NNEN UND D<\/span><span style=\"color: #000080; line-height: 1.5;\">AS UNSER WOHLBEFINDEN ERM\u00d6GLICHT UND GLEICHZEITIG GEF\u00c4HRDET. <\/span><\/h6>\n<h6 style=\"padding-left: 90px;\"><span style=\"color: #000080; line-height: 1.5;\">ENTWICKLUNGS- UND REIFUNGSKRISEN, IDENTIT\u00c4TS- UND WERTKRISEN, KRANKHEITEN UND SCHMERZZUST\u00c4NDE, ARBEITSLOSIGKEIT UND \u00a0\u00d6KONOMISCHE NOTLAGEN,BEZIEHUNGSKRISEN, \u00dcBER- UND UNTERFORDERUNG, RIVALIT\u00c4T UND KONKURRENZ,\u00a0ROLLEN- UND STATUSKRISEN SIND DIE HERAUSFORDERUNGEN,\u00a0MIT DENEN UNSERE KR\u00c4FTE WACHSEN ODER \u00a0AN DENEN WIR SCHEITERN\u2026.<\/span><\/h6>\n<h6 style=\"padding-left: 90px;\"><span style=\"color: #000080;\">UM DAS BITTERE UND SCHWIERIGE AUS DEM LEBEN ZU VERBANNEN ODER ES ZU B\u00c4NDIGEN,\u00a0GREIFEN WIR ZU SCHLAFMITTELN, ZU TRANQUILIZERN, ZU AUFPUTSCHMITTELN,\u00a0ZU BET\u00c4UBUNGSMITTELN, WERDEN DEPRESSIV, VERBITTERT ODER STREITS\u00dcCHTIG,\u00a0VERLIEREN DAS GEF\u00dcHL F\u00dcR WESENTLICHES, VERKRIECHEN UNS IN ARBEIT, IN DIE FAMILIE,\u00a0FLIEHEN IN DEN ALKOHOL ODER \u00a0AN DEN EISSCHRANK.<\/span><\/h6>\n<h6 style=\"padding-left: 90px;\"><span style=\"color: #000080;\">UNSERE LEBENS- UND VERARBEITUNGSMUSTER SPRECHEN B\u00c4NDE &#8211; \u00a0 UND\u00a0DESHALB M\u00dcSSEN WIR IN DIESEN B\u00dcCHERN DES EIGENEN LEBENS \u00a0LESEN LERNEN,\u00a0UM ZU VERSTEHEN, DURCH WELCHE LANDSCHAFT DER SEHNSUCHT UND DER SUCHT WIR\u00a0ZUSAMMEN MIT ANDEREN MENSCHEN WANDERN, WOHER WIR KOMMEN,\u00a0WO WIR STEHEN UND \u00a0WOHIN WIR WOLLEN.&#8220;<strong>\u00a0 \u00a0 \u00a0 \u00a0 \u00a0 \u00a0 \u00a0 \u00a0 \u00a0 \u00a0 \u00a0 \u00a0 \u00a0 \u00a0 \u00a0 \u00a0 \u00a0 \u00a0 \u00a0 \u00a0 <\/strong><\/span><\/h6>\n<p style=\"padding-left: 90px;\"><span style=\"color: #000080;\"><strong>(ANNELIE KEIL)<\/strong><\/span><\/p>\n<p style=\"padding-left: 270px;\"><span style=\"color: #999999;\">Vgl. Annelie Keil, Auf br\u00fcchigem Boden Land gewinnen. Biografische Antworten auf Krankheit und Krise, K\u00f6sel 2011<\/span><\/p>\n<p>&nbsp;<\/p>\n<p>&nbsp;<\/p>\n<h6>Das Grundverst\u00e4ndnis unseres Projekts<\/h6>\n<p>&nbsp;<\/p>\n<p>&nbsp;<\/p>\n<p><img loading=\"lazy\" decoding=\"async\" class=\"wp-image-208 aligncenter\" src=\"http:\/\/einfach-menschlich.de\/wp-content\/uploads\/2016\/01\/2.0-Konzept-Collage-300x35.jpg\" alt=\"2.0 Konzept Collage\" width=\"846\" height=\"99\" srcset=\"https:\/\/einfach-menschlich.de\/wp-content\/uploads\/2016\/01\/2.0-Konzept-Collage-300x35.jpg 300w, https:\/\/einfach-menschlich.de\/wp-content\/uploads\/2016\/01\/2.0-Konzept-Collage-768x91.jpg 768w, https:\/\/einfach-menschlich.de\/wp-content\/uploads\/2016\/01\/2.0-Konzept-Collage-1024x121.jpg 1024w\" sizes=\"auto, (max-width: 846px) 100vw, 846px\" \/><\/p>\n<p>&nbsp;<\/p>\n<p>&nbsp;<\/p>\n<ul>\n<li>Kaum besser als in diesem Zitat der Bremer Professorin Annelie Keil\u00a0kann das Grundverst\u00e4ndnis unseres Projektes <span style=\"color: #000080;\">EINFACH MENSCHLICH<\/span>\u00a0beschrieben werden.<\/li>\n<\/ul>\n<ul>\n<li>Sucht und s\u00fcchtiges Verhalten sind per se \u00a0immer vorhandene Wege in der Landschaft \u00a0eines jeden Menschen.\u00a0Sie sind so h\u00e4ufig leidvolles Ergebnis nicht gelungener Versuche, die Tiefen einer Lebenslandschaft zu \u00fcberwinden.<\/li>\n<\/ul>\n<ul>\n<li>Dabei\u00a0ist das Mittel der Sucht, etwas vergessbar oder auch nur aushaltbar zu machen, ein beliebiges.<\/li>\n<\/ul>\n<ul>\n<li>Dies bedeutet, es ist in diesem Projekt nicht nur die Rede von bekannten verbotenen Drogen wie Haschisch oder Kokain,<span style=\"line-height: 1.5;\">nicht nur von nicht minder gef\u00e4hrlichen Drogen wie Alkohol,\u00a0<\/span>sondern es geht auch um den Spieler vor dem Spielautomaten, den Freak vor dem PC,\u00a0die Hausfrau vor\u00a0 dem Medizinschrank und vieles andere mehr.<\/li>\n<\/ul>\n<ul>\n<li>Dies bedeutet auch, Sucht ist eine Krankheit, ein Erkranken am Leben, wie es andere Krankheiten auch sein k\u00f6nnen,\u00a0und nicht das individuelle Versagen eines vermeintlich schwachen Menschen.<\/li>\n<\/ul>\n<p>&nbsp;<\/p>\n<h6><span style=\"color: #000080;\">EINFACH MENSCHLICH<\/span> als Name dieses Projektes ist damit auch eine klare programmatische Aussage.<\/h6>\n<p>&nbsp;<\/p>\n<ul>\n<li>Eine menschliche Grundhaltung,\u00a0 gepr\u00e4gt\u00a0 von Respekt und dem Bem\u00fchen um Verst\u00e4ndnis, sollte immer menschliches Miteinander bestimmen, vor allem auch dann, wenn es\u00a0 sich um einen erkrankten Menschen handelt.<\/li>\n<\/ul>\n<ul>\n<li>Diese Grundhaltung bestimmt das Projekt und den Umgang mit den Besuchern w\u00e4hrend der Ausstellung und in den Gespr\u00e4chsgruppen.<\/li>\n<\/ul>\n<ul>\n<li>Dies bedeutet auch, dass im Selbstverst\u00e4ndnis dieses Projektes in der Diskussion um s\u00fcchtiges Verhalten und Suchtmittel moralische Wertungen und p\u00e4dagogischer Zeigefinger keinen Platz haben.<\/li>\n<\/ul>\n<ul>\n<li>Mit dem Leitfaden zur Pr\u00e4vention teilt das Projekt <span style=\"color: #000080;\">EINFACH MENSCHLICH.<\/span> das Grundverst\u00e4ndnis, junge Menschen innerhalb ihres Systems zur Autonomie zu bef\u00e4higen und ihre Selbstkompetenz zu st\u00e4rken. So weist die Ausstellung \u00fcber den informativen und beratenden Charakter in der Weise hinaus, dass der Einzelne mit m\u00f6glichen, ver\u00e4ndernden Handlungskonzepten in seine Lebenswelt zur\u00fcckkehrt.<\/li>\n<\/ul>\n<ul>\n<li>Insgesamt folgt das Projekt <span style=\"color: #000080;\">EINFACH MENSCHLICH.<\/span> in Konzeption und Umsetzung seit vielen Jahren beispielhaft dem heute in dem Leitfaden zur Pr\u00e4vention vorgesehenen Setting-Ansatz. Es verbindet \u201eprim\u00e4rpr\u00e4ventive und gesundheitsf\u00f6rdernde Interventionen, die sich im Sinne aufsuchender Information und Beratung an Lebenswelten richten und dabei sowohl die gesundheitlichen Rahmenbedingungen als auch gesundheitliche Kompetenzen von Einzelnen weiterentwickeln.\u201c<\/li>\n<\/ul>\n<p>&nbsp;<\/p>\n","protected":false},"excerpt":{"rendered":"<p>\u00a0\u201eIN SEINER GRUNDS\u00c4TZLICHEN OFFENHEIT UND UNVORHERSEHBARKEIT IST LEBEN EIN SPEZIFISCHES WAGNIS, DEM WIR NICHT AUSWEICHEN K\u00d6NNEN UND DAS UNSER WOHLBEFINDEN ERM\u00d6GLICHT UND GLEICHZEITIG GEF\u00c4HRDET. ENTWICKLUNGS- UND REIFUNGSKRISEN, IDENTIT\u00c4TS- UND WERTKRISEN, KRANKHEITEN UND SCHMERZZUST\u00c4NDE, ARBEITSLOSIGKEIT UND \u00a0\u00d6KONOMISCHE NOTLAGEN,BEZIEHUNGSKRISEN, \u00dcBER- UND UNTERFORDERUNG,&hellip; <\/p>\n","protected":false},"author":1,"featured_media":0,"parent":0,"menu_order":0,"comment_status":"closed","ping_status":"closed","template":"","meta":{"footnotes":""},"class_list":["post-62","page","type-page","status-publish","hentry"],"_links":{"self":[{"href":"https:\/\/einfach-menschlich.de\/index.php\/wp-json\/wp\/v2\/pages\/62","targetHints":{"allow":["GET"]}}],"collection":[{"href":"https:\/\/einfach-menschlich.de\/index.php\/wp-json\/wp\/v2\/pages"}],"about":[{"href":"https:\/\/einfach-menschlich.de\/index.php\/wp-json\/wp\/v2\/types\/page"}],"author":[{"embeddable":true,"href":"https:\/\/einfach-menschlich.de\/index.php\/wp-json\/wp\/v2\/users\/1"}],"replies":[{"embeddable":true,"href":"https:\/\/einfach-menschlich.de\/index.php\/wp-json\/wp\/v2\/comments?post=62"}],"version-history":[{"count":46,"href":"https:\/\/einfach-menschlich.de\/index.php\/wp-json\/wp\/v2\/pages\/62\/revisions"}],"predecessor-version":[{"id":466,"href":"https:\/\/einfach-menschlich.de\/index.php\/wp-json\/wp\/v2\/pages\/62\/revisions\/466"}],"wp:attachment":[{"href":"https:\/\/einfach-menschlich.de\/index.php\/wp-json\/wp\/v2\/media?parent=62"}],"curies":[{"name":"wp","href":"https:\/\/api.w.org\/{rel}","templated":true}]}}