{"id":452,"date":"2016-02-04T11:50:55","date_gmt":"2016-02-04T10:50:55","guid":{"rendered":"http:\/\/einfach-menschlich.de\/?page_id=452"},"modified":"2019-01-07T11:05:18","modified_gmt":"2019-01-07T10:05:18","slug":"impressum-2","status":"publish","type":"page","link":"https:\/\/einfach-menschlich.de\/index.php\/impressum-2\/","title":{"rendered":"Impressum"},"content":{"rendered":"<p><strong>Herausgeber (Text und inhaltliche Verantwortlichkeit \/ Gestaltung)<\/strong><\/p>\n<p>S.u.G.<\/p>\n<p>Suchtpr\u00e4vention und Genesung e.V.<\/p>\n<p>Freia von Hennigs<\/p>\n<p>1.Vorsitzende \/ Projektleitung<\/p>\n<p>Postfach 11 05 29<\/p>\n<p>93018 Regensburg<\/p>\n<p>E-Mail: <a href=\"mailto:einfachmenschlich@t-online.de\">einfach-menschlich@online.de<\/a><\/p>\n<p><strong>\u00a0<\/strong><\/p>\n<p><strong>Registergericht Regensburg, Vereinsregister Nr.: VR 1328<\/strong><\/p>\n<p><strong>\u00a0<\/strong>Die K\u00f6rperschaft ist nach \u00a7 5 Abs. 1 Nr. 9 KStG von der K\u00f6rperschaftssteuer und nach \u00a7 3 Nr. 6 GewStG von der Gewerbesteuer befreit, weil sie ausschlie\u00dflich und unmittelbar steuerbeg\u00fcnstigten gemeinn\u00fctzigen Zwecken im Sinne der \u00a7\u00a7 51 ff. AO dient.<\/p>\n<p>Die K\u00f6rperschaft f\u00f6rdert den gemeinn\u00fctzigen Zweck der Volks- und Berufsbildung sowie der Studentenhilfe.<\/p>\n<p>Die Satzungszwecke entsprechen \u00a7 52 Abs. 2 Satz 1 Nr. 7 AO.<\/p>\n<p>Die K\u00f6rperschaft ist berechtigt, f\u00fcr Spenden, die ihr zur Verwendung f\u00fcr diese Zwecke zugewendet werden, Zuwendungsbest\u00e4tigungen nach \u00a7 50 Abs. 1 EStDV auszustellen.<\/p>\n<p>&nbsp;<\/p>\n<p>&nbsp;<\/p>\n<p><strong>Datenschutzerkl\u00e4rung<\/strong><\/p>\n<p><strong>\u00a0<\/strong>Auf dieser Webseite werden keine Daten, insbesondere keine personenbezogenen Daten (wie z.B. Name, E-Mail- oder IP-Adresse), gesammelt oder gespeichert. Daten, die \u00fcblicherweise zur Optimierung von Webseiten, wie z.B. Datum und Uhrzeit des Seitenaufrufs, erhoben werden, werden vorliegend ebenso wenig gesammelt oder gespeichert. Der Betreiber dieser Webseite erstellt weder Nutzerprofile noch setzt er sogenannte \u201ecookies\u201c (Textdateien, die auf dem Rechner des Nutzers abgelegt werden und seine Wiedererkennung erm\u00f6glichen zwecks Analyse des Benutzungsverhaltens) oder Web-Analyse-Dienste, wie Google-Analytics, ein. Bitte wenden Sie sich f\u00fcr Fragen betreffend diese Datenschutzerkl\u00e4rung gerne an uns: \u2026 (<em>s. Kontakt<\/em>).<\/p>\n<p>&nbsp;<\/p>\n<p><strong>Links <\/strong><\/p>\n<p>Diese Internetseite kann Links (Verweise von oder auf Internetseiten anderer Anbieter) enthalten. Die vorstehende Datenschutzerkl\u00e4rung gilt nur f\u00fcr diese Internetseite. Sofern Sie diese Seite ggf. \u00fcber solche Links verlassen, beachten Sie bitte die entsprechenden Informationen und Datenschutzerkl\u00e4rungen der anderen Anbieter, f\u00fcr deren Inhalte und Verarbeitung von Daten wir nicht haften.<\/p>\n<p>&nbsp;<\/p>\n<p><strong>Rechtevorbehalt<\/strong><\/p>\n<p><strong>\u00a0<\/strong>Inhalte und Struktur dieser Webseite sind urheberrechtlich gesch\u00fctzt. Die Vervielf\u00e4ltigung von Informationen oder Daten bedarf der vorherigen schriftlichen Zustimmung durch den Rechteinhaber.<\/p>\n","protected":false},"excerpt":{"rendered":"<p>Herausgeber (Text und inhaltliche Verantwortlichkeit \/ Gestaltung) S.u.G. Suchtpr\u00e4vention und Genesung e.V. Freia von Hennigs 1.Vorsitzende \/ Projektleitung Postfach 11 05 29 93018 Regensburg E-Mail: einfach-menschlich@online.de \u00a0 Registergericht Regensburg, Vereinsregister Nr.: VR 1328 \u00a0Die K\u00f6rperschaft ist nach \u00a7 5 Abs.&hellip; <\/p>\n","protected":false},"author":1,"featured_media":0,"parent":0,"menu_order":0,"comment_status":"closed","ping_status":"closed","template":"","meta":{"footnotes":""},"class_list":["post-452","page","type-page","status-publish","hentry"],"_links":{"self":[{"href":"https:\/\/einfach-menschlich.de\/index.php\/wp-json\/wp\/v2\/pages\/452","targetHints":{"allow":["GET"]}}],"collection":[{"href":"https:\/\/einfach-menschlich.de\/index.php\/wp-json\/wp\/v2\/pages"}],"about":[{"href":"https:\/\/einfach-menschlich.de\/index.php\/wp-json\/wp\/v2\/types\/page"}],"author":[{"embeddable":true,"href":"https:\/\/einfach-menschlich.de\/index.php\/wp-json\/wp\/v2\/users\/1"}],"replies":[{"embeddable":true,"href":"https:\/\/einfach-menschlich.de\/index.php\/wp-json\/wp\/v2\/comments?post=452"}],"version-history":[{"count":6,"href":"https:\/\/einfach-menschlich.de\/index.php\/wp-json\/wp\/v2\/pages\/452\/revisions"}],"predecessor-version":[{"id":539,"href":"https:\/\/einfach-menschlich.de\/index.php\/wp-json\/wp\/v2\/pages\/452\/revisions\/539"}],"wp:attachment":[{"href":"https:\/\/einfach-menschlich.de\/index.php\/wp-json\/wp\/v2\/media?parent=452"}],"curies":[{"name":"wp","href":"https:\/\/api.w.org\/{rel}","templated":true}]}}