{"id":123,"date":"2016-01-11T11:45:03","date_gmt":"2016-01-11T10:45:03","guid":{"rendered":"http:\/\/einfach-menschlich.de\/?page_id=123"},"modified":"2025-01-13T13:29:39","modified_gmt":"2025-01-13T12:29:39","slug":"uebersicht-in-zahlen","status":"publish","type":"page","link":"https:\/\/einfach-menschlich.de\/index.php\/uebersicht-in-zahlen\/","title":{"rendered":"\u00dcbersicht in Zahlen"},"content":{"rendered":"<ul>\n<li>bisher an <strong>191 Ausstellungsstandorten<\/strong> in ganz Deutschland<\/li>\n<\/ul>\n<ul>\n<li><strong>565 Wochen<\/strong> Standzeit<\/li>\n<\/ul>\n<ul>\n<li><strong>3.872 Tage<\/strong><\/li>\n<\/ul>\n<ul>\n<li><strong>10.639 Besuchergruppen <\/strong>mit<\/li>\n<\/ul>\n<ul>\n<li><strong>mehr als 400.000 Teilnehmern<\/strong>, die alle an einem Einf\u00fchrungsvortrag, Ausstellungsbesuch, anschlie\u00dfendem Gruppengespr\u00e4ch und bei Bedarf einer Einzelberatung teilgenommen und sich in dieser Zeit intensiv mit dem Thema Sucht besch\u00e4ftigt haben.<\/li>\n<\/ul>\n<ul>\n<li><strong>21.426 Einzelbesucher <\/strong><\/li>\n<li>Dies ist nicht die anvisierte Hauptzielgruppe, da das Projekt vornehmlich vom Veranstalter f\u00fcr Gruppen gebucht wird. Zu den Gruppenzeiten ist die Ausstellung geschlossen f\u00fcr die \u00d6ffentlichkeit. In der Regel ist an einem Ausstellungsort das Projekt f\u00fcr 2 Stunden f\u00fcr Einzelbesucher ge\u00f6ffnet.<\/li>\n<\/ul>\n<ul>\n<li><strong>191 Er\u00f6ffnungen \/ Auftaktveranstaltungen<\/strong> mit G\u00e4sten aus den \u00f6rtlichen Fachstellen, Schulleitern, Lehrern und anderen relevanten \u00f6rtlichen Institutionen.<\/li>\n<\/ul>\n<ul>\n<li><strong>324 Presseartikel<\/strong> \u00fcber die Ausstellung sowie TV-Beitr\u00e4ge<\/li>\n<\/ul>\n<ul>\n<li>weit in das <strong>Jahr 2026 <\/strong>angefragt<\/li>\n<\/ul>\n<p style=\"text-align: right;\"><span style=\"color: #999999;\">Aktualisiert am 13..01.2025<\/span><\/p>\n","protected":false},"excerpt":{"rendered":"<p>bisher an 191 Ausstellungsstandorten in ganz Deutschland 565 Wochen Standzeit 3.872 Tage 10.639 Besuchergruppen mit mehr als 400.000 Teilnehmern, die alle an einem Einf\u00fchrungsvortrag, Ausstellungsbesuch, anschlie\u00dfendem Gruppengespr\u00e4ch und bei Bedarf einer Einzelberatung teilgenommen und sich in dieser Zeit intensiv mit&hellip; <\/p>\n","protected":false},"author":1,"featured_media":0,"parent":0,"menu_order":0,"comment_status":"closed","ping_status":"closed","template":"","meta":{"footnotes":""},"class_list":["post-123","page","type-page","status-publish","hentry"],"_links":{"self":[{"href":"https:\/\/einfach-menschlich.de\/index.php\/wp-json\/wp\/v2\/pages\/123","targetHints":{"allow":["GET"]}}],"collection":[{"href":"https:\/\/einfach-menschlich.de\/index.php\/wp-json\/wp\/v2\/pages"}],"about":[{"href":"https:\/\/einfach-menschlich.de\/index.php\/wp-json\/wp\/v2\/types\/page"}],"author":[{"embeddable":true,"href":"https:\/\/einfach-menschlich.de\/index.php\/wp-json\/wp\/v2\/users\/1"}],"replies":[{"embeddable":true,"href":"https:\/\/einfach-menschlich.de\/index.php\/wp-json\/wp\/v2\/comments?post=123"}],"version-history":[{"count":33,"href":"https:\/\/einfach-menschlich.de\/index.php\/wp-json\/wp\/v2\/pages\/123\/revisions"}],"predecessor-version":[{"id":651,"href":"https:\/\/einfach-menschlich.de\/index.php\/wp-json\/wp\/v2\/pages\/123\/revisions\/651"}],"wp:attachment":[{"href":"https:\/\/einfach-menschlich.de\/index.php\/wp-json\/wp\/v2\/media?parent=123"}],"curies":[{"name":"wp","href":"https:\/\/api.w.org\/{rel}","templated":true}]}}