{"id":11,"date":"2015-12-10T21:15:25","date_gmt":"2015-12-10T20:15:25","guid":{"rendered":"http:\/\/einfach-menschlich.de\/?page_id=11"},"modified":"2025-01-13T13:18:44","modified_gmt":"2025-01-13T12:18:44","slug":"main-page","status":"publish","type":"page","link":"https:\/\/einfach-menschlich.de\/","title":{"rendered":"EINFACH MENSCHLICH."},"content":{"rendered":"<p style=\"text-align: right;\"><a href=\"http:\/\/einfach-menschlich.de\/index.php\/resonanz\/veranstaltertexte\/\"><img loading=\"lazy\" decoding=\"async\" class=\"wp-image-420 alignnone\" src=\"http:\/\/einfach-menschlich.de\/wp-content\/uploads\/2015\/12\/01-Zitat-Bergfeld-300x33.jpg\" alt=\"01 Zitat Bergfeld\" width=\"509\" height=\"56\" srcset=\"https:\/\/einfach-menschlich.de\/wp-content\/uploads\/2015\/12\/01-Zitat-Bergfeld-300x33.jpg 300w, https:\/\/einfach-menschlich.de\/wp-content\/uploads\/2015\/12\/01-Zitat-Bergfeld-768x84.jpg 768w, https:\/\/einfach-menschlich.de\/wp-content\/uploads\/2015\/12\/01-Zitat-Bergfeld-1024x113.jpg 1024w, https:\/\/einfach-menschlich.de\/wp-content\/uploads\/2015\/12\/01-Zitat-Bergfeld.jpg 1192w\" sizes=\"auto, (max-width: 509px) 100vw, 509px\" \/><\/a><\/p>\n<p style=\"text-align: right;\"><span style=\"color: #999999;\"><a href=\"http:\/\/einfach-menschlich.de\/index.php\/resonanz\/veranstaltertexte\/\">J\u00fcrgen Bergfeld<\/a>, Landratsamt Landsberg a. Lech<\/span><\/p>\n<h2><\/h2>\n<h2><\/h2>\n<h2>Willkommen bei der<\/h2>\n<h2>betreuten Wanderausstellung EINFACH MENSCHLICH.<\/h2>\n<p style=\"text-align: left;\">Seit mehr als 25 Jahren ist EINFACH MENSCHLICH ein in ganz Deutschland <a href=\"http:\/\/einfach-menschlich.de\/index.php\/resonanz\/\">erfolgreiches<\/a> Pr\u00e4ventionsprojekt zum Thema Sucht.<\/p>\n<p style=\"text-align: left;\">In seinem <a href=\"http:\/\/einfach-menschlich.de\/index.php\/konzept-2\/\">Konzept<\/a> und in seiner nachhaltigen Umsetzung<span style=\"font-size: 16px; line-height: 1.5;\">\u00a0 ist dieses Projekt, das als <a href=\"http:\/\/einfach-menschlich.de\/index.php\/betreuung\/\">betreute<\/a> Ausstellung <a href=\"http:\/\/einfach-menschlich.de\/index.php\/unser-angebot\/\">buchbar<\/a> ist, eine sehr erfolgreiche und immer wieder <a href=\"http:\/\/einfach-menschlich.de\/index.php\/uebersicht-in-zahlen\/\">nachgefragte<\/a> Veranstaltung f\u00fcr Heranwachsende und gr\u00f6\u00dfere Einrichtungen und Betriebe.<\/span><\/p>\n<p style=\"text-align: left;\">Auf den folgenden Seiten k\u00f6nnen Sie einen Eindruck gewinnen davon, <a href=\"http:\/\/einfach-menschlich.de\/index.php\/ueber-uns-2\/\">wer<\/a> wir sind , was wir <a href=\"http:\/\/einfach-menschlich.de\/index.php\/konzept-2\/ziele-und-zielgruppen\/\">wollen<\/a> und was wir <a href=\"http:\/\/einfach-menschlich.de\/index.php\/ausstellungsweg\/\">tun<\/a>!<\/p>\n<p style=\"text-align: left;\">Wir freuen uns, wenn es uns gelingt Ihr Interesse zu wecken und sie neugierig zu machen.<\/p>\n","protected":false},"excerpt":{"rendered":"<p>J\u00fcrgen Bergfeld, Landratsamt Landsberg a. Lech Willkommen bei der betreuten Wanderausstellung EINFACH MENSCHLICH. Seit mehr als 25 Jahren ist EINFACH MENSCHLICH ein in ganz Deutschland erfolgreiches Pr\u00e4ventionsprojekt zum Thema Sucht. In seinem Konzept und in seiner nachhaltigen Umsetzung\u00a0 ist dieses&hellip; <\/p>\n","protected":false},"author":1,"featured_media":0,"parent":0,"menu_order":1,"comment_status":"closed","ping_status":"closed","template":"","meta":{"footnotes":""},"class_list":["post-11","page","type-page","status-publish","hentry"],"_links":{"self":[{"href":"https:\/\/einfach-menschlich.de\/index.php\/wp-json\/wp\/v2\/pages\/11","targetHints":{"allow":["GET"]}}],"collection":[{"href":"https:\/\/einfach-menschlich.de\/index.php\/wp-json\/wp\/v2\/pages"}],"about":[{"href":"https:\/\/einfach-menschlich.de\/index.php\/wp-json\/wp\/v2\/types\/page"}],"author":[{"embeddable":true,"href":"https:\/\/einfach-menschlich.de\/index.php\/wp-json\/wp\/v2\/users\/1"}],"replies":[{"embeddable":true,"href":"https:\/\/einfach-menschlich.de\/index.php\/wp-json\/wp\/v2\/comments?post=11"}],"version-history":[{"count":72,"href":"https:\/\/einfach-menschlich.de\/index.php\/wp-json\/wp\/v2\/pages\/11\/revisions"}],"predecessor-version":[{"id":644,"href":"https:\/\/einfach-menschlich.de\/index.php\/wp-json\/wp\/v2\/pages\/11\/revisions\/644"}],"wp:attachment":[{"href":"https:\/\/einfach-menschlich.de\/index.php\/wp-json\/wp\/v2\/media?parent=11"}],"curies":[{"name":"wp","href":"https:\/\/api.w.org\/{rel}","templated":true}]}}